{"id":95,"date":"2025-09-16T19:57:07","date_gmt":"2025-09-16T17:57:07","guid":{"rendered":"https:\/\/www.antrag24.de\/mahnbescheid\/?page_id=95"},"modified":"2026-02-15T12:41:33","modified_gmt":"2026-02-15T11:41:33","slug":"widerrufsrecht","status":"publish","type":"page","link":"https:\/\/www.antrag24.de\/mahnbescheid\/widerrufsrecht\/","title":{"rendered":"Widerrufsrecht"},"content":{"rendered":"<p>Stand: 15.02.2026<\/p>\n<p>Sie haben als Verbraucher das Recht, binnen 14 Tagen ohne Angaben von Gr\u00fcnden den Vertrag zu widerrufen. Die Widerrufsfrist beginnt mit dem Tag des Vertragsschlusses. Das Widerrufsrecht erlischt bereits vor Ablauf von 14 Tagen, wenn Sie dem sofortigen Beginn mit der Dienstleistung zugestimmt haben, mit der Ausf\u00fchrung erst nach dieser Zustimmung begonnen wurde und die Dienstleistung vollst\u00e4ndig erbracht worden ist.<\/p>\n<p>Um Ihr Widerrufsrecht auszu\u00fcben, m\u00fcssen Sie uns (Rechts- und Fachanwaltskanzlei D\u00f6ring-Pauckert, Unter der Linden 10, 10117 Berlin, Fax.: + 49 (0)30 700 140 150, E-Mail: mahnbescheid@antrag24.de) mittels einer eindeutigen Erkl\u00e4rung (z. B. ein mit der Post versandter Brief, Telefax oder E-Mail) \u00fcber Ihren Entschluss, diesen Vertrag zu widerrufen, informieren. Sie k\u00f6nnen daf\u00fcr das beigef\u00fcgte Muster-Widerrufsformular verwenden, das jedoch nicht vorgeschrieben ist.<\/p>\n<p>Zur Wahrung der Widerrufsfrist reicht es aus, dass Sie die Mitteilung \u00fcber die Aus\u00fcbung des Widerrufsrechts vor Ablauf der Widerrufsfrist absenden.<\/p>\n<p><b>Folgen des Widerrufs<\/b><br \/>\nWenn Sie diesen Vertrag widerrufen, haben wir Ihnen alle Zahlungen, die wir von Ihnen erhalten haben, einschlie\u00dflich der Lieferkosten (mit Ausnahme der zus\u00e4tzlichen Kosten, die sich daraus ergeben, dass Sie eine andere Art der Lieferung als die von uns angebotene, g\u00fcnstigste Standardlieferung gew\u00e4hlt haben), unverz\u00fcglich und sp\u00e4testens binnen vierzehn Tagen ab dem Tag zur\u00fcckzuzahlen, an dem die Mitteilung \u00fcber Ihren Widerruf dieses Vertrags bei uns eingegangen ist. F\u00fcr diese R\u00fcckzahlung verwenden wir dasselbe Zahlungsmittel, das Sie bei der urspr\u00fcnglichen Transaktion eingesetzt haben, es sei denn, mit Ihnen wurde ausdr\u00fccklich etwas anderes vereinbart; in keinem Fall werden Ihnen wegen dieser R\u00fcckzahlung Entgelte berechnet.<\/p>\n<p>Haben Sie verlangt, dass die Dienstleistungen w\u00e4hrend der Widerrufsfrist beginnen sollen, so haben Sie uns einen angemessenen Betrag zu zahlen, der dem Anteil der bis zu dem Zeitpunkt, zu dem Sie uns von der Aus\u00fcbung des Widerrufsrechts hinsichtlich dieses Vertrags unterrichten, bereits erbrachten Dienstleistungen im Vergleich zum Gesamtumfang der im Vertrag vorgesehenen Dienstleistungen entspricht.<\/p>\n<p><b>Muster Widerrufsformular<\/b><br \/>\nWenn Sie den Vertrag widerrufen wollen, dann f\u00fcllen Sie bitte dieses Formular aus und senden Sie es zur\u00fcck.<\/p>\n<p>An:<\/p>\n<p>Rechts- und Fachanwaltskanzlei D\u00f6ring-Pauckert<br \/>\nRechtsanwalt Malte D\u00f6ring-Pauckert<br \/>\nUnter der Linden 10<br \/>\n10117 Berlin<\/p>\n<p>ODER<\/p>\n<p>E-Mail: mahnbescheid@antrag24.de<\/p>\n<p>Hiermit widerrufe(n) ich\/wir den von mir\/uns abgeschlossenen Vertrag \u00fcber den Kauf der folgenden Waren \/die Erbringung der folgenden Dienstleistung:<\/p>\n<p>Name der Ware, ggf. Bestellnummer und Preis: ______________________________________<br \/>\nBestellt am (*)\/erhalten am (*): __.__.____<br \/>\nName des\/der Verbraucher(s): ______________________________________<br \/>\nAnschrift des\/der Verbraucher(s): ______________________________________<\/p>\n<p>Datum: __.__.____<br \/>\nUnterschrift des\/der Verbraucher(s) (nur bei schriftlichem Widerruf): _______________________<\/p>\n","protected":false},"excerpt":{"rendered":"<p>Stand: 15.02.2026 Sie haben als Verbraucher das Recht, binnen 14 Tagen ohne Angaben von Gr\u00fcnden den Vertrag zu widerrufen. Die Widerrufsfrist beginnt mit dem Tag des Vertragsschlusses. Das Widerrufsrecht erlischt bereits vor Ablauf von 14 Tagen, wenn Sie dem sofortigen Beginn mit der Dienstleistung zugestimmt haben, mit der Ausf\u00fchrung erst nach dieser Zustimmung begonnen wurde [&hellip;]<\/p>\n","protected":false},"author":2,"featured_media":0,"parent":0,"menu_order":0,"comment_status":"closed","ping_status":"closed","template":"","meta":{"footnotes":""},"class_list":["post-95","page","type-page","status-publish","hentry"],"_links":{"self":[{"href":"https:\/\/www.antrag24.de\/mahnbescheid\/wp-json\/wp\/v2\/pages\/95","targetHints":{"allow":["GET"]}}],"collection":[{"href":"https:\/\/www.antrag24.de\/mahnbescheid\/wp-json\/wp\/v2\/pages"}],"about":[{"href":"https:\/\/www.antrag24.de\/mahnbescheid\/wp-json\/wp\/v2\/types\/page"}],"author":[{"embeddable":true,"href":"https:\/\/www.antrag24.de\/mahnbescheid\/wp-json\/wp\/v2\/users\/2"}],"replies":[{"embeddable":true,"href":"https:\/\/www.antrag24.de\/mahnbescheid\/wp-json\/wp\/v2\/comments?post=95"}],"version-history":[{"count":6,"href":"https:\/\/www.antrag24.de\/mahnbescheid\/wp-json\/wp\/v2\/pages\/95\/revisions"}],"predecessor-version":[{"id":294,"href":"https:\/\/www.antrag24.de\/mahnbescheid\/wp-json\/wp\/v2\/pages\/95\/revisions\/294"}],"wp:attachment":[{"href":"https:\/\/www.antrag24.de\/mahnbescheid\/wp-json\/wp\/v2\/media?parent=95"}],"curies":[{"name":"wp","href":"https:\/\/api.w.org\/{rel}","templated":true}]}}