{"id":83,"date":"2025-09-01T17:48:49","date_gmt":"2025-09-01T15:48:49","guid":{"rendered":"https:\/\/www.antrag24.de\/mahnbescheid\/?page_id=83"},"modified":"2026-02-15T12:43:06","modified_gmt":"2026-02-15T11:43:06","slug":"impressum","status":"publish","type":"page","link":"https:\/\/www.antrag24.de\/mahnbescheid\/impressum\/","title":{"rendered":"Impressum"},"content":{"rendered":"<p><strong>Anbieterkennzeichnung:<\/strong><br \/>\nRechts- und Fachanwaltskanzlei D\u00f6ring-Pauckert<br \/>\nRechtsanwalt Malte D\u00f6ring-Pauckert<br \/>\nUnter der Linden 10<br \/>\n10117 Berlin<\/p>\n<p>T: + 49 (0) 30 \/ 629 384 61<br \/>\nF: + 49 (0)30 700 140 150<br \/>\nE-Mail: mahnbescheid[at]antrag24.de<br \/>\nUmsatzsteueridentifikationsnummer: DE305951337<\/p>\n<p><strong>Inhaltlich Verantwortlicher<\/strong><br \/>\nRechtsanwalt Malte D\u00f6ring-Pauckert<\/p>\n<p><strong>Zust\u00e4ndige Aufsichtsbeh\u00f6rde<\/strong><br \/>\nRechtsanwaltskammer Berlin<br \/>\nLittenstra\u00dfe 9<br \/>\n10179 Berlin<\/p>\n<p>T: + 49 (0)30 30 69 31 0<br \/>\nF: + 49 (0)30 30 69 31 99<br \/>\nE-Mail: info@rak-berlin.org<br \/>\nInternet: www.rak-berlin.de<\/p>\n<p><strong>Berufsrechtliche Regelungen<\/strong><br \/>\nDer Staat, in dem die Berufsbezeichnung verliehen worden ist, ist die Bundesrepublik Deutschland.<\/p>\n<p>Es gelten folgende berufsrechtliche Regelungen:<\/p>\n<ul>\n<li>Bundesrechtsanwaltsordnung (BRAO)<\/li>\n<li>Berufsordnung der Rechtsanw\u00e4lte (BORA)<\/li>\n<li>Rechtsanwaltsverg\u00fctungsgesetz (RVG)<\/li>\n<li>Fachanwaltsordnung (FAO)<\/li>\n<li>Berufsregeln der Rechtsanw\u00e4lte der Europ\u00e4ischen Union (CCBE)<\/li>\n<li>Geldw\u00e4schebek\u00e4mpfungsgesetz (GwG) (Anordnung der Bundesrechtsanwaltskammer nach \u00a7 14 Abs. 4 Satz 2 GwG)<\/li>\n<li>Gesetz \u00fcber die T\u00e4tigkeit europ\u00e4ischer Rechtsanw\u00e4lte in Deutschland (EuRAG)<\/li>\n<\/ul>\n<p>Die Regelungen k\u00f6nnen bei der Bundesrechtsanwaltskammer unter <a href=\"http:\/\/www.brak.de\/fuer-anwaelte\/berufsrecht\/\" target=\"_blank\">www.brak.de<\/a> abgerufen werden.<\/p>\n<p><strong>Berufshaftpflichtversicherung<\/strong><br \/>\nHerr Malte D\u00f6ring-Pauckert f\u00fchrt eine Berufshaftpflichtversicherung bei der ERGO Versicherung AG (Postfach 40198 D\u00fcsseldorf). Der r\u00e4umliche Geltungsbereich des Versicherungsschutzes umfasst T\u00e4tigkeiten in allen Mitgliedsstaaten der Europ\u00e4ischen Union. Rechtsanw\u00e4ltinnen und Rechtsanw\u00e4lte sind aufgrund der Bundesrechtsanwaltsordnung verpflichtet, eine Berufshaftpflichtversicherung mit einer Mindestversicherungssumme von 250.000 Euro zu unterhalten. Die Einzelheiten ergeben sich aus \u00a7 51 BRAO.<\/p>\n<p><strong>Au\u00dfergerichtliche Streitschlichtung<\/strong><br \/>\nBei Streitigkeiten zwischen Rechtsanw\u00e4lten und ihren Auftraggebern besteht auf Antrag die M\u00f6glichkeit der au\u00dfergerichtlichen Streitschlichtung bei der regionalen Rechtsanwaltskammer (gem\u00e4\u00df \u00a7 73 Abs. 2 Nr. 3, Abs. 5 BRAO) oder bei der Schlichtungsstelle der Rechtsanwaltschaft bei der Bundesrechtsanwaltskammer (\u00a7 191f BRAO), im Internet zu finden \u00fcber die unter <a href=\"https:\/\/www.schlichtungsstelle-der-rechtsanwaltschaft.de\/\" target=\"_blank\">https:\/\/www.schlichtungsstelle-der-rechtsanwaltschaft.de\/<\/a> abrufbare Homepage.<\/p>\n<p>Die Kanzlei ist bei Streitigkeiten mit Verbrauchern bereit, an einem Streibeilegungsverfahren vor der zust\u00e4ndigen Verbraucherstreitbeilegungsstelle teilzunehmen. Zust\u00e4ndige Verbraucherschlichtungsstelle f\u00fcr verm\u00f6gensrechtliche Streitigkeiten aus dem Mandatsverh\u00e4ltnis bis zu einem Wert von 50.000 Euro ist die Schlichtungsstelle der Rechtsanwaltschaft, Rauchstra\u00dfe 26, 10787 Berlin, <a href=\"http:\/\/www.s-d-r.org\/\" target=\"_blank\">www.s-d-r.org<\/a>.<\/p>\n<p><strong>Haftungsausschluss<\/strong><br \/>\nDer Inhalt dieses Webauftritts wurde nach bestem Wissen und mit gr\u00f6\u00dfter Sorgfalt erstellt. Trotz dessen kann keine Gew\u00e4hr oder Haftung f\u00fcr insbesondere Korrektheit, Aktualit\u00e4t, Vollst\u00e4ndigkeit oder Qualit\u00e4t der Informationen \u00fcbernommen werden.<\/p>\n<p>Bitte beachten Sie ferner, dass die angebotenen Hyperlinks in der Regel aus dem Angebot dieser Webseite herausf\u00fchren. Daher kann trotz sorgf\u00e4ltiger Pr\u00fcfung keine Haftung f\u00fcr die verlinkten Inhalte \u00fcbernommen werden. F\u00fcr den Inhalt der verlinkten Seiten sind ausschlie\u00dflich deren Betreiber verantwortlich.<\/p>\n<p><strong>Hinweise zum Datenschutz<\/strong><br \/>\nFalls Sie der Kanzlei Ihre pers\u00f6nlichen Daten (z.B. \u00fcber das Kontaktformular oder eine E-Mail) \u00fcbermitteln, werden diese ausschlie\u00dflich f\u00fcr die direkte Kommunikation mit Ihnen verwendet.<\/p>\n<p>Eine Weitergabe dieser Daten an Dritte erfolgt <em>keinesfalls<\/em>.<br \/>\nSie haben jederzeit ein Recht auf die L\u00f6schung Ihrer pers\u00f6nlichen Daten, soweit nicht eine gesetzliche Aufbewahrungspflicht besteht. Falls Sie die L\u00f6schung Ihrer Daten w\u00fcnschen, teilen Sie dies bitte formlos (z.B. per E-Mail) mit.<\/p>\n<p><strong>Rechtliche Hinweise<\/strong><br \/>\nInhalt und Struktur dieses Webauftritts sind urheberrechtlich gesch\u00fctzt. Die Vervielf\u00e4ltigung und\/oder gewerbliche Nutzung der bereitgehaltenen Inhalte, insbesondere der Verwendung von Texten, Bildern oder Teile dieser, bedarf der vorherigen, schriftlichen Zustimmung des Rechteinhabers.<\/p>\n<p>Durch die Nutzung von E-Mail, Fax, Telefon oder dieser Webseite entsteht kein Mandantenverh\u00e4ltnis, au\u00dfer dies wurde in einem Einzelfall durch uns schriftlich oder in Textform zugesagt. Bis zur Annahme eines Mandats besteht kein Anspruch auf Rechtsberatung.<\/p>\n<p>F\u00fcr die Mandatsbearbeitung gelten unsere Allgemeinen Mandatsbedingungen, die Sie <a href=\"https:\/\/www.antrag24.de\/mahnbescheid\/wp-content\/uploads\/2025\/09\/Allgemeine-Mandatsbedingungen.pdf\" target=\"_blank\">hier<\/a> einsehen k\u00f6nnen.<\/p>\n","protected":false},"excerpt":{"rendered":"<p>Anbieterkennzeichnung: Rechts- und Fachanwaltskanzlei D\u00f6ring-Pauckert Rechtsanwalt Malte D\u00f6ring-Pauckert Unter der Linden 10 10117 Berlin T: + 49 (0) 30 \/ 629 384 61 F: + 49 (0)30 700 140 150 E-Mail: mahnbescheid[at]antrag24.de Umsatzsteueridentifikationsnummer: DE305951337 Inhaltlich Verantwortlicher Rechtsanwalt Malte D\u00f6ring-Pauckert Zust\u00e4ndige Aufsichtsbeh\u00f6rde Rechtsanwaltskammer Berlin Littenstra\u00dfe 9 10179 Berlin T: + 49 (0)30 30 69 31 0 [&hellip;]<\/p>\n","protected":false},"author":2,"featured_media":0,"parent":0,"menu_order":0,"comment_status":"closed","ping_status":"closed","template":"","meta":{"footnotes":""},"class_list":["post-83","page","type-page","status-publish","hentry"],"_links":{"self":[{"href":"https:\/\/www.antrag24.de\/mahnbescheid\/wp-json\/wp\/v2\/pages\/83","targetHints":{"allow":["GET"]}}],"collection":[{"href":"https:\/\/www.antrag24.de\/mahnbescheid\/wp-json\/wp\/v2\/pages"}],"about":[{"href":"https:\/\/www.antrag24.de\/mahnbescheid\/wp-json\/wp\/v2\/types\/page"}],"author":[{"embeddable":true,"href":"https:\/\/www.antrag24.de\/mahnbescheid\/wp-json\/wp\/v2\/users\/2"}],"replies":[{"embeddable":true,"href":"https:\/\/www.antrag24.de\/mahnbescheid\/wp-json\/wp\/v2\/comments?post=83"}],"version-history":[{"count":10,"href":"https:\/\/www.antrag24.de\/mahnbescheid\/wp-json\/wp\/v2\/pages\/83\/revisions"}],"predecessor-version":[{"id":295,"href":"https:\/\/www.antrag24.de\/mahnbescheid\/wp-json\/wp\/v2\/pages\/83\/revisions\/295"}],"wp:attachment":[{"href":"https:\/\/www.antrag24.de\/mahnbescheid\/wp-json\/wp\/v2\/media?parent=83"}],"curies":[{"name":"wp","href":"https:\/\/api.w.org\/{rel}","templated":true}]}}