{"id":50,"date":"2025-07-23T15:06:03","date_gmt":"2025-07-23T13:06:03","guid":{"rendered":"https:\/\/www.antrag24.de\/mahnbescheid\/?page_id=50"},"modified":"2025-09-22T17:03:49","modified_gmt":"2025-09-22T15:03:49","slug":"kosten","status":"publish","type":"page","link":"https:\/\/www.antrag24.de\/mahnbescheid\/kosten\/","title":{"rendered":"Kosten &#038; Geb\u00fchren"},"content":{"rendered":"<p>Bei der Beantragung eines Mahnbescheids entstehen sowohl gerichtliche als auch anwaltliche Geb\u00fchren, die zwar von Ihnen vorgestreckt werden, jedoch im Falle einer berechtigten Forderung vom Schuldner zu bezahlen sind und mit dem Vollstreckungsbescheid auch festgesetzt werden. Deren genaue H\u00f6he h\u00e4ngt von der Summe Ihrer offenen Forderung ab. Liegt der Anspruch beispielsweise bei bis zu 1.000\u202f\u20ac, fallen hierf\u00fcr 38\u202f\u20ac an Gerichtskosten und 73,54 \u20ac brutto Anwaltskosten an. Um Ihnen eine klare \u00dcbersicht \u00fcber m\u00f6gliche Kosten zu bieten, haben wir entsprechende Kostentabellen f\u00fcr Sie zusammengestellt:<\/p>\n<h3>Gerichtskosten f\u00fcr einen Mahnbescheid<\/h3>\n<table>\n<tr>\n<th>Gegenstandswert<\/th>\n<th>Gerichtskosten<\/th>\n<\/tr>\n<tr>\n<td>0,01 \u20ac bis 1.000,00 \u20ac<\/td>\n<td>38,00 \u20ac<\/td>\n<\/tr>\n<tr>\n<td>1.000,01 \u20ac bis 1.500,00 \u20ac<\/td>\n<td>41,00 \u20ac<\/td>\n<\/tr>\n<tr>\n<td>1.500,01 \u20ac bis 2.000,00 \u20ac<\/td>\n<td>51,50 \u20ac<\/td>\n<\/tr>\n<tr>\n<td>2.000,01 \u20ac bis 3.000,00 \u20ac<\/td>\n<td>62,75 \u20ac<\/td>\n<\/tr>\n<tr>\n<td>3.000,01 \u20ac bis 4.000,00 \u20ac<\/td>\n<td>74,00 \u20ac<\/td>\n<\/tr>\n<tr>\n<td>4.000,01 \u20ac bis 5.000,00 \u20ac<\/td>\n<td>85,25 \u20ac<\/td>\n<\/tr>\n<tr>\n<td>5.000,01 \u20ac bis 6.000,00 \u20ac<\/td>\n<td>96,50 \u20ac<\/td>\n<\/tr>\n<tr>\n<td>6.000,01 \u20ac bis 7.000,00 \u20ac<\/td>\n<td>107,75 \u20ac<\/td>\n<\/tr>\n<tr>\n<td>7.000,01 \u20ac bis 8.000,00 \u20ac<\/td>\n<td>119,00 \u20ac<\/td>\n<\/tr>\n<tr>\n<td>8.000,01 \u20ac bis 9.000,00 \u20ac<\/td>\n<td>130,25 \u20ac<\/td>\n<\/tr>\n<tr>\n<td>9.000,01 \u20ac bis 10.000,00 \u20ac<\/td>\n<td>141,50 \u20ac<\/td>\n<\/tr>\n<tr>\n<td>10.000,01 \u20ac bis 13.000,00 \u20ac<\/td>\n<td>156,75 \u20ac<\/td>\n<\/tr>\n<tr>\n<td>13.000,01 \u20ac bis 16.000,00 \u20ac<\/td>\n<td>172,00 \u20ac<\/td>\n<\/tr>\n<tr>\n<td>16.000,01 \u20ac bis 19.000,00 \u20ac<\/td>\n<td>187,25 \u20ac<\/td>\n<\/tr>\n<tr>\n<td>19.000,01 \u20ac bis 22.000,00 \u20ac<\/td>\n<td>202,50 \u20ac<\/td>\n<\/tr>\n<tr>\n<td>22.000,01 \u20ac bis 25.000,00 \u20ac<\/td>\n<td>217,75 \u20ac<\/td>\n<\/tr>\n<tr>\n<td>25.000,01 \u20ac bis 30.000,00 \u20ac<\/td>\n<td>238,00 \u20ac<\/td>\n<\/tr>\n<tr>\n<td>30.000,01 \u20ac bis 35.000,00 \u20ac<\/td>\n<td>258,25 \u20ac<\/td>\n<\/tr>\n<tr>\n<td>35.000,01 \u20ac bis 40.000,00 \u20ac<\/td>\n<td>278,50 \u20ac<\/td>\n<\/tr>\n<tr>\n<td>40.000,01 \u20ac bis 45.000,00 \u20ac<\/td>\n<td>298,75 \u20ac<\/td>\n<\/tr>\n<tr>\n<td>45.000,01 \u20ac bis 50.000,00 \u20ac<\/td>\n<td>319,00 \u20ac<\/td>\n<\/tr>\n<tr>\n<td>50.000,01 \u20ac bis 65.000,00 \u20ac<\/td>\n<td>389,00 \u20ac<\/td>\n<\/tr>\n<tr>\n<td>65.000,01 \u20ac bis 80.000,00 \u20ac<\/td>\n<td>459,00 \u20ac<\/td>\n<\/tr>\n<tr>\n<td>80.000,01 \u20ac bis 95.000,00 \u20ac<\/td>\n<td>529,00 \u20ac<\/td>\n<\/tr>\n<tr>\n<td>95.000,01 \u20ac bis 110.000,00 \u20ac<\/td>\n<td>599,00 \u20ac<\/td>\n<\/tr>\n<\/table>\n<h3>Anwaltskosten f\u00fcr einen Mahnbescheid<\/h3>\n<table>\n<tr>\n<th>Gegenstandswert<\/th>\n<th>Anwaltskosten (bei 1 Antragsteller)<\/th>\n<th>Anwaltskosten (bei 2 Antragstellern)<\/th>\n<\/tr>\n<tr>\n<td>0,01 \u20ac bis 500,00 \u20ac<\/td>\n<td>73,54 \u20ac<\/td>\n<td>95,60 \u20ac<\/td>\n<\/tr>\n<tr>\n<td>500,01 \u20ac bis 1.000,00 \u20ac<\/td>\n<td>132,80 \u20ac<\/td>\n<td>167,67 \u20ac<\/td>\n<\/tr>\n<tr>\n<td>1.000,01 \u20ac bis 1.500,00 \u20ac<\/td>\n<td>183,86 \u20ac<\/td>\n<td>231,87 \u20ac<\/td>\n<\/tr>\n<tr>\n<td>1.500,01 \u20ac bis 2.000,00 \u20ac<\/td>\n<td>233,24 \u20ac<\/td>\n<td>296,07 \u20ac<\/td>\n<\/tr>\n<tr>\n<td>2.000,01 \u20ac bis 3.000,00 \u20ac<\/td>\n<td>304,05 \u20ac<\/td>\n<td>388,12 \u20ac<\/td>\n<\/tr>\n<tr>\n<td>3.000,01 \u20ac bis 4.000,00 \u20ac<\/td>\n<td>374,85 \u20ac<\/td>\n<td>480,17 \u20ac<\/td>\n<\/tr>\n<tr>\n<td>4.000,01 \u20ac bis 5.000,00 \u20ac<\/td>\n<td>445,66 \u20ac<\/td>\n<td>572,21 \u20ac<\/td>\n<\/tr>\n<tr>\n<td>5.000,01 \u20ac bis 6.000,00 \u20ac<\/td>\n<td>516,46 \u20ac<\/td>\n<td>664,26 \u20ac<\/td>\n<\/tr>\n<tr>\n<td>6.000,01 \u20ac bis 7.000,00 \u20ac<\/td>\n<td>587,27 \u20ac<\/td>\n<td>756,30 \u20ac<\/td>\n<\/tr>\n<tr>\n<td>7.000,01 \u20ac bis 8.000,00 \u20ac<\/td>\n<td>658,07 \u20ac<\/td>\n<td>848,35 \u20ac<\/td>\n<\/tr>\n<tr>\n<td>8.000,01 \u20ac bis 9.000,00 \u20ac<\/td>\n<td>728,88 \u20ac<\/td>\n<td>940,40 \u20ac<\/td>\n<\/tr>\n<tr>\n<td>9.000,01 \u20ac bis 10.000,00 \u20ac<\/td>\n<td>799,68 \u20ac<\/td>\n<td>1.032,44 \u20ac<\/td>\n<\/tr>\n<tr>\n<td>10.000,01 \u20ac bis 13.000,00 \u20ac<\/td>\n<td>865,13 \u20ac<\/td>\n<td>1.117,53 \u20ac<\/td>\n<\/tr>\n<tr>\n<td>13.000,01 \u20ac bis 16.000,00 \u20ac<\/td>\n<td>930,58 \u20ac<\/td>\n<td>1.202,61 \u20ac<\/td>\n<\/tr>\n<tr>\n<td>16.000,01 \u20ac bis 19.000,00 \u20ac<\/td>\n<td>996,03 \u20ac<\/td>\n<td>1.287,70 \u20ac<\/td>\n<\/tr>\n<tr>\n<td>19.000,01 \u20ac bis 22.000,00 \u20ac<\/td>\n<td>1.016,48 \u20ac<\/td>\n<td>1.372,78 \u20ac<\/td>\n<\/tr>\n<tr>\n<td>22.000,01 \u20ac bis 25.000,00 \u20ac<\/td>\n<td>1.126,93 \u20ac<\/td>\n<td>1.457,87 \u20ac<\/td>\n<\/tr>\n<tr>\n<td>25.000,01 \u20ac bis 30.000,00 \u20ac<\/td>\n<td>1.229,74 \u20ac<\/td>\n<td>1.590,91 \u20ac<\/td>\n<\/tr>\n<tr>\n<td>30.000,01 \u20ac bis 35.000,00 \u20ac<\/td>\n<td>1.331,61 \u20ac<\/td>\n<td>1.723,95 \u20ac<\/td>\n<\/tr>\n<tr>\n<td>35.000,01 \u20ac bis 40.000,00 \u20ac<\/td>\n<td>1.433,95 \u20ac<\/td>\n<td>1.857,00 \u20ac<\/td>\n<\/tr>\n<tr>\n<td>40.000,01 \u20ac bis 45.000,00 \u20ac<\/td>\n<td>1.536,29 \u20ac<\/td>\n<td>1.990,04 \u20ac<\/td>\n<\/tr>\n<tr>\n<td>45.000,01 \u20ac bis 50.000,00 \u20ac<\/td>\n<td>1.638,63 \u20ac<\/td>\n<td>2.123,08 \u20ac<\/td>\n<\/tr>\n<tr>\n<td>50.000,01 \u20ac bis 65.000,00 \u20ac<\/td>\n<td>1.757,04 \u20ac<\/td>\n<td>2.277,01 \u20ac<\/td>\n<\/tr>\n<tr>\n<td>65.000,01 \u20ac bis 80.000,00 \u20ac<\/td>\n<td>1.875,44 \u20ac<\/td>\n<td>2.430,93 \u20ac<\/td>\n<\/tr>\n<tr>\n<td>80.000,01 \u20ac bis 95.000,00 \u20ac<\/td>\n<td>1.993,85 \u20ac<\/td>\n<td>2.584,86 \u20ac<\/td>\n<\/tr>\n<tr>\n<td>95.000,01 \u20ac bis 110.000,00 \u20ac<\/td>\n<td>2.112,25 \u20ac<\/td>\n<td>2.738,79 \u20ac<\/td>\n<\/tr>\n<\/table>\n<h3>Anwaltskosten f\u00fcr einen Vollstreckungsbescheid<\/h3>\n<table>\n<tr>\n<th>Gegenstandswert<\/th>\n<th>Anwaltskosten<\/th>\n<\/tr>\n<tr>\n<td>0,01 \u20ac bis 500,00 \u20ac<\/td>\n<td>36,77 \u20ac<\/td>\n<\/tr>\n<tr>\n<td>500,01 \u20ac bis 1.000,00 \u20ac<\/td>\n<td>57,00 \u20ac<\/td>\n<\/tr>\n<tr>\n<td>1.000,01 \u20ac bis 1.500,00 \u20ac<\/td>\n<td>80,03 \u20ac<\/td>\n<\/tr>\n<tr>\n<td>1.500,01 \u20ac bis 2.000,00 \u20ac<\/td>\n<td>104,72 \u20ac<\/td>\n<\/tr>\n<tr>\n<td>2.000,01 \u20ac bis 3.000,00 \u20ac<\/td>\n<td>140,12 \u20ac<\/td>\n<\/tr>\n<tr>\n<td>3.000,01 \u20ac bis 4.000,00 \u20ac<\/td>\n<td>175,53 \u20ac<\/td>\n<\/tr>\n<tr>\n<td>4.000,01 \u20ac bis 5.000,00 \u20ac<\/td>\n<td>210,93 \u20ac<\/td>\n<\/tr>\n<tr>\n<td>5.000,01 \u20ac bis 6.000,00 \u20ac<\/td>\n<td>246,33 \u20ac<\/td>\n<\/tr>\n<tr>\n<td>6.000,01 \u20ac bis 7.000,00 \u20ac<\/td>\n<td>281,73 \u20ac<\/td>\n<\/tr>\n<tr>\n<td>7.000,01 \u20ac bis 8.000,00 \u20ac<\/td>\n<td>317,14 \u20ac<\/td>\n<\/tr>\n<tr>\n<td>8.000,01 \u20ac bis 9.000,00 \u20ac<\/td>\n<td>352,54 \u20ac<\/td>\n<\/tr>\n<tr>\n<td>9.000,01 \u20ac bis 10.000,00 \u20ac<\/td>\n<td>387,94 \u20ac<\/td>\n<\/tr>\n<tr>\n<td>10.000,01 \u20ac bis 13.000,00 \u20ac<\/td>\n<td>420,67 \u20ac<\/td>\n<\/tr>\n<tr>\n<td>13.000,01 \u20ac bis 16.000,00 \u20ac<\/td>\n<td>453,39 \u20ac<\/td>\n<\/tr>\n<tr>\n<td>16.000,01 \u20ac bis 19.000,00 \u20ac<\/td>\n<td>486,12 \u20ac<\/td>\n<\/tr>\n<tr>\n<td>19.000,01 \u20ac bis 22.000,00 \u20ac<\/td>\n<td>518,84 \u20ac<\/td>\n<\/tr>\n<tr>\n<td>22.000,01 \u20ac bis 25.000,00 \u20ac<\/td>\n<td>551,57 \u20ac<\/td>\n<\/tr>\n<tr>\n<td>25.000,01 \u20ac bis 30.000,00 \u20ac<\/td>\n<td>602,74 \u20ac<\/td>\n<\/tr>\n<tr>\n<td>30.000,01 \u20ac bis 35.000,00 \u20ac<\/td>\n<td>653,91 \u20ac<\/td>\n<\/tr>\n<tr>\n<td>35.000,01 \u20ac bis 40.000,00 \u20ac<\/td>\n<td>705,08 \u20ac<\/td>\n<\/tr>\n<tr>\n<td>40.000,01 \u20ac bis 45.000,00 \u20ac<\/td>\n<td>756,25 \u20ac<\/td>\n<\/tr>\n<tr>\n<td>45.000,01 \u20ac bis 50.000,00 \u20ac<\/td>\n<td>807,42 \u20ac<\/td>\n<\/tr>\n<tr>\n<td>50.000,01 \u20ac bis 65.000,00 \u20ac<\/td>\n<td>866,62 \u20ac<\/td>\n<\/tr>\n<tr>\n<td>65.000,01 \u20ac bis 80.000,00 \u20ac<\/td>\n<td>925,82 \u20ac<\/td>\n<\/tr>\n<tr>\n<td>80.000,01 \u20ac bis 95.000,00 \u20ac<\/td>\n<td>985,02 \u20ac<\/td>\n<\/tr>\n<tr>\n<td>95.000,01 \u20ac bis 110.000,00 \u20ac<\/td>\n<td>1.044,23 \u20ac<\/td>\n<\/tr>\n<\/table>\n<p>Bei den hier genannten Betr\u00e4gen handelt es sich um Bruttobetr\u00e4ge inkl. 19% USt sowie inkl. der Kostenpauschale.<\/p>\n","protected":false},"excerpt":{"rendered":"<p>Bei der Beantragung eines Mahnbescheids entstehen sowohl gerichtliche als auch anwaltliche Geb\u00fchren, die zwar von Ihnen vorgestreckt werden, jedoch im Falle einer berechtigten Forderung vom Schuldner zu bezahlen sind und mit dem Vollstreckungsbescheid auch festgesetzt werden. Deren genaue H\u00f6he h\u00e4ngt von der Summe Ihrer offenen Forderung ab. Liegt der Anspruch beispielsweise bei bis zu 1.000\u202f\u20ac, [&hellip;]<\/p>\n","protected":false},"author":2,"featured_media":0,"parent":0,"menu_order":0,"comment_status":"closed","ping_status":"closed","template":"","meta":{"footnotes":""},"class_list":["post-50","page","type-page","status-publish","hentry"],"_links":{"self":[{"href":"https:\/\/www.antrag24.de\/mahnbescheid\/wp-json\/wp\/v2\/pages\/50","targetHints":{"allow":["GET"]}}],"collection":[{"href":"https:\/\/www.antrag24.de\/mahnbescheid\/wp-json\/wp\/v2\/pages"}],"about":[{"href":"https:\/\/www.antrag24.de\/mahnbescheid\/wp-json\/wp\/v2\/types\/page"}],"author":[{"embeddable":true,"href":"https:\/\/www.antrag24.de\/mahnbescheid\/wp-json\/wp\/v2\/users\/2"}],"replies":[{"embeddable":true,"href":"https:\/\/www.antrag24.de\/mahnbescheid\/wp-json\/wp\/v2\/comments?post=50"}],"version-history":[{"count":18,"href":"https:\/\/www.antrag24.de\/mahnbescheid\/wp-json\/wp\/v2\/pages\/50\/revisions"}],"predecessor-version":[{"id":108,"href":"https:\/\/www.antrag24.de\/mahnbescheid\/wp-json\/wp\/v2\/pages\/50\/revisions\/108"}],"wp:attachment":[{"href":"https:\/\/www.antrag24.de\/mahnbescheid\/wp-json\/wp\/v2\/media?parent=50"}],"curies":[{"name":"wp","href":"https:\/\/api.w.org\/{rel}","templated":true}]}}