{"id":36,"date":"2025-07-22T11:56:29","date_gmt":"2025-07-22T09:56:29","guid":{"rendered":"https:\/\/www.antrag24.de\/mahnbescheid\/?page_id=36"},"modified":"2026-02-23T15:44:39","modified_gmt":"2026-02-23T14:44:39","slug":"agb","status":"publish","type":"page","link":"https:\/\/www.antrag24.de\/mahnbescheid\/agb\/","title":{"rendered":"Allgemeine Gesch\u00e4ftsbedingungen"},"content":{"rendered":"<p><b>1. Geltungsbereich<\/b><br \/>\n(1) Diese Bedingungen gelten f\u00fcr die Gesch\u00e4ftsbeziehungen zwischen Ihnen und uns, der Kanzlei mdp, Rechtsanwalt Malte D\u00f6ring-Pauckert, Unter den Linden 10, 10117 Berlin (nachfolgend Kanzlei) f\u00fcr die \u00fcber das Portal <a href=\"https:\/\/www.antrag24.de\/mahnbescheid\/\">https:\/\/www.antrag24.de\/mahnbescheid\/<\/a> (nachfolgend Portal) geschlossenen Vertr\u00e4ge zur Erbringung von Rechtsdienstleistungen. Das Angebot richtet sich ausschlie\u00dflich an in Deutschland ans\u00e4ssige, vollj\u00e4hrige Personen.<br \/>\n(2) Die f\u00fcr den Vertragsschluss zur Verf\u00fcgung stehende Sprache ist ausschlie\u00dflich Deutsch.<\/p>\n<p><b>2. Leistungen der Kanzlei<\/b><br \/>\n(1) Die Kanzlei bietet Kunden die M\u00f6glichkeit an, entgeltlich mit ihrer Hilfe beim zust\u00e4ndigen Mahngericht f\u00fcr offene und f\u00e4llige Zahlungsforderungen Mahn- und Vollstreckungsbescheide zu beantragen. Die Einzelheiten ergeben sich aus dem Bestellprozess.<br \/>\n(2) Die M\u00f6glichkeit des Zugangs zur Plattform \u00fcber das Internet besteht nur im Rahmen des Stands der Technik. Eine jederzeitige Verf\u00fcgbarkeit der Plattform ist nicht geschuldet. St\u00f6rungen der Technik k\u00f6nnen, unabh\u00e4ngig davon, ob sie von der Kanzlei zu vertreten sind, nicht ausgeschlossen werden. Insbesondere au\u00dferhalb des Einflussbereiches der Kanzlei muss mit Einschr\u00e4nkungen der Verf\u00fcgbarkeit wegen St\u00f6rungen der Daten\u00fcbermittlung in den beteiligten Teilnetzen des Internets gerechnet werden.<\/p>\n<p><b>3. Vertragsschluss<\/b><br \/>\n(1) Die Dienstleistungen auf dem Portal stellt kein rechtlich bindendes Angebot, sondern eine Aufforderung zur Bestellung von Rechtsdienstleistungen (invitatio ad offerendum) dar.<br \/>\n(2) Durch Anklicken des \u201eKostenpflichtig\u201c-Buttons im letzten Schritt des Bestellprozesses geben Sie ein verbindliches Angebot zur Beantragung eines gerichtlichen Mahn- und ggf. Vollstreckungsbescheids durch die Kanzlei f\u00fcr die eingegebene(n) Forderung(en), die Sie in der \u00dcbersicht sehen, ab. Unmittelbar nach Absenden der Bestellung erhalten Sie eine Eingangsbest\u00e4tigung, die jedoch noch keine Annahme Ihres Vertragsangebots darstellt.<br \/>\n(3) Ein Vertrag zwischen Ihnen und uns kommt zustande, sobald wir Ihre Bestellung durch eine gesonderte E-Mail annehmen (etwaige R\u00fcckfragen fallen nicht hierunter) bzw. den geforderten Mahnantrag bei Gericht stellen. Bitte pr\u00fcfen Sie regelm\u00e4\u00dfig den SPAM-Ordner Ihres E-Mail-Postfachs.<\/p>\n<p><b>4. Technische Schritte bis zum Vertragsschluss und Berichtigung von Eingabefehlern<\/b><br \/>\n(1) Der Beauftragungsprozess erfolgt in vier Schritten. Im Verlauf des Bestellprozesses erwarten wir von Ihnen die Vollst\u00e4ndigkeit und Korrektheit hinsichtlich der gemachten Angaben.<br \/>\n(2) Im Rahmen der Beauftragung unserer Dienstleistungen geben Sie zun\u00e4chst Ihre Daten und ggf. die weiterer Gl\u00e4ubiger ein. Sofern Sie alle Daten eingegeben haben, gelangen Sie jeweils durch Klicks auf die \u201eWeiter\u201c-Buttons zun\u00e4chst auf eine Seite, auf der Sie Ihre Forderung(en) nach Art, H\u00f6he und F\u00e4lligkeit nebst Zinsen, die wir f\u00fcr Sie geltend machen sollen, angeben und anschlie\u00dfend die Daten des\/der Schuldner\/s.<br \/>\n(3) Schlie\u00dflich \u00f6ffnet sich eine \u00dcbersichtsseite, auf der Sie Ihre Angaben \u00fcberpr\u00fcfen k\u00f6nnen. Ihre Eingabefehler (z.B. bzgl. Forderungsh\u00f6he, Daten) k\u00f6nnen Sie korrigieren, indem Sie durch Klick auf den Button \u201eZur\u00fcck\u201c zur jeweiligen Eingabeseite zur\u00fcckgehen und sodann dort die Angaben korrigieren. Falls Sie den Bestellprozess komplett abbrechen m\u00f6chten, k\u00f6nnen Sie auch einfach Ihr Browser-Fenster schlie\u00dfen.<br \/>\n(4) Bevor Sie die Bestellung abschlie\u00dfen k\u00f6nnen, m\u00fcssen Sie noch Angaben dazu machen, ob wir f\u00fcr Sie auch einen Vollstreckungsbescheid \u2013 soweit die Voraussetzungen daf\u00fcr vorliegen \u2013 beantragen sollen, die Korrektheit Ihrer Daten best\u00e4tigen einschlie\u00dflich Kenntnisnahme der von Gesetzes wegen anfallenden Gerichts- und Anwaltsgeb\u00fchren (einsehbar \u00fcber eine verlinkte Kosten\u00fcbersicht; Pflichtangabe) und, ob wir f\u00fcr Sie sofort oder erst nach Ablauf eines etwaigen Widerrufsrechts t\u00e4tig werden sollen.<br \/>\n(5) Durch Anklicken des Best\u00e4tigungs-Buttons \u201eKostenpflichtig beauftragen\u201c Ihre Erkl\u00e4rung verbindlich im Sinne von Ziffer 3 Abs. 2 dieser AGB. Zugleich best\u00e4tigen Sie hierdurch die Kenntnisnahme von AGB, Datenschutzbestimmungen und Widerrufsbelehrung; das Widerrufsrecht bleibt unber\u00fchrt. <\/p>\n<p><b>5. Speicherung des Vertragstextes<\/b><br \/>\nDie Vertragsbestimmungen mit Angaben zur gebuchten Dienstleistung einschlie\u00dflich dieser Allgemeinen Gesch\u00e4ftsbedingungen und der Widerrufsbelehrung werden Ihnen per E-Mail mit Eingangsbest\u00e4tigung und schlie\u00dflich mit der Benachrichtigung \u00fcber den gestellten Mahnantrag zugesandt. Eine Speicherung der Vertragsbestimmungen durch uns erfolgt nicht.<\/p>\n<p><b>6. Erhebung, Speicherung und Verarbeitung personenbezogener Daten<\/b><br \/>\nZur Durchf\u00fchrung und Abwicklung einer Bestellung ben\u00f6tigen wir von Ihnen von folgenden Daten: Vor- und Nachname bzw. bei Gesellschaften Unternehmensname einschlie\u00dflich der vertretungsberechtigten Personen zu Gl\u00e4ubiger(n) und Schuldner(n), jeweilige Postanschrift und Ihre E-Mail-Adresse.<br \/>\n(2) Die von Ihnen mitgeteilten Daten verwenden wir ohne Ihre gesonderte Einwilligung ausschlie\u00dflich zur Erf\u00fcllung und Abwicklung der Bestellung(en), etwa zur Zustellung von Gerichtspost an Ihre E-Mailadresse und Postanschrift. Eine dar\u00fcberhinausgehende Nutzung der personenbezogenen Daten f\u00fcr Zwecke der Werbung, der Marktforschung oder zur bedarfsgerechten Gestaltung der Angebote der Kanzlei bedarf Ihrer ausdr\u00fccklichen Einwilligung. Sie haben die M\u00f6glichkeit, diese Einwilligung vor Bestellung zu erteilen. Diese Einwilligungserkl\u00e4rung erfolgt v\u00f6llig freiwillig und kann jederzeit widerrufen werden.<br \/>\n(3) Die von Ihnen mitgeteilten Daten werden nur im Rahmen der berufs- und steuer- und steuerrechtlichen Pflichten gespeichert und nach Ablauf der gesetzlichen Aufbewahrungsfristen gel\u00f6scht.<br \/>\n(4) Soweit sich pers\u00f6nliche Angaben \u00e4ndern, sind Sie selbst f\u00fcr deren Aktualisierung verantwortlich. Alle \u00c4nderungen k\u00f6nnen Sie uns einfach per E-Mail mitteilen.<\/p>\n<p><b>7. Zahlungs- und Lieferbedingungen, Rechnung, Aufrechnung und Zur\u00fcckbehaltungsrecht<\/b><br \/>\n(1) Die Verg\u00fctung der Kanzlei richtet sich nach der gesetzlichen Geb\u00fchrenordnung (RVG). und versteht sich inkl. Umsatzsteuer in der jeweils g\u00fcltigen Fassung. Die f\u00fcr den Antrag anfallenden Gerichtskosten richten sich nach der gesetzlichen Geb\u00fchrenordnung (GKG) und sind von Ihnen direkt nach entsprechender Aufforderung an die in der Kostenrechnung genannten Zahlstelle zu \u00fcberweisen.<br \/>\n(2) Die Verg\u00fctung der Dienstleistung der Kanzlei wird mit Beendigung des gerichtlichen Mahnverfahrens abgerechnet und f\u00e4llig. Das Recht der Kanzlei nach \u00a7 9 RVG, einen angemessenen Vorschuss zu fordern, bleibt unber\u00fchrt.<br \/>\n(3) Sie erhalten von uns eine elektronische Rechnung gem\u00e4\u00df den berufs- und steuerrechtlichen Anforderungen. Sie sind zudem damit einverstanden, dass wir Ihnen die Rechnung im pdf-Format an die von Ihnen angegebene E-Mailadresse \u00fcbersenden.<br \/>\n(4) Gegen\u00fcber Anspr\u00fcchen der Kanzlei aus den mit Ihnen geschlossenen Vertr\u00e4gen oder damit zusammenh\u00e4ngenden au\u00dfervertraglichen Anspr\u00fcchen ist eine Aufrechnung oder Zur\u00fcckbehaltung nur mit f\u00e4lligen Gegenanspr\u00fcchen zul\u00e4ssig, die unbestritten, rechtskr\u00e4ftig festgestellt oder entscheidungsreif sind oder die auf M\u00e4ngeln der zugrundeliegenden Leistung beruhen.<\/p>\n<p><b>8. Haftung<\/b><br \/>\n(1) Wir haften f\u00fcr Vorsatz und grobe Fahrl\u00e4ssigkeit. Ferner haften wir f\u00fcr die fahrl\u00e4ssige Verletzung von Pflichten, deren Erf\u00fcllung die ordnungsgem\u00e4\u00dfe Durchf\u00fchrung des Vertrags \u00fcberhaupt erst erm\u00f6glicht, deren Verletzung die Erreichung des Vertragszweckes gef\u00e4hrdet und auf deren Einhaltung Sie als Kunde regelm\u00e4\u00dfig vertrauen d\u00fcrfen. Im letztgenannten Fall haften wir jedoch nur f\u00fcr den vorhersehbaren, vertragstypischen Schaden. Gleiches gilt f\u00fcr Pflichtverletzungen unserer Erf\u00fcllungsgehilfen. Die vorstehenden Haftungsausschl\u00fcsse gelten nicht bei Verletzung von Leben, K\u00f6rper und Gesundheit. Die Haftung nach dem Produkthaftungsgesetz bleibt unber\u00fchrt.<br \/>\n(2) Unsere Haftung ist auf einen Betrag von 1 Million EUR beschr\u00e4nkt, soweit sie nicht auf Vorsatz oder grober Fahrl\u00e4ssigkeit beruht oder die Verletzung von Leben, K\u00f6rper und Gesundheit betrifft.<br \/>\n(3) Die Datenkommunikation \u00fcber das Internet kann nach dem derzeitigen Stand der Technik nicht fehlerfrei und\/oder jederzeit verf\u00fcgbar gew\u00e4hrleistet werden. Wir haften insoweit nicht f\u00fcr die st\u00e4ndige und ununterbrochene Verf\u00fcgbarkeit des Online-Handelssystems.<\/p>\n<p><b>9. Schlussbestimmungen<\/b><br \/>\n(1) Vertragssprache ist deutsch.<br \/>\n(2) Der zwischen Ihnen und uns geschlossene Vertrag unterliegt dem Recht der Bundesrepublik Deutschland unter Ausschluss des UN-Kaufrechts.<br \/>\n(3) Zur Teilnahme an einem Streitbeilegungsverfahren nach dem Verbraucherstreitbeilegungsgesetz (VSBG) sind wir nicht verpflichtet und nicht bereit.<br \/>\n(4) Sollten einzelne Bestimmungen dieses Vertrags unwirksam sein, so wird hierdurch der Vertrag im \u00dcbrigen nicht ber\u00fchrt.<\/p>\n<p>Stand der AGB: 23.02.2026<\/p>\n","protected":false},"excerpt":{"rendered":"<p>1. Geltungsbereich (1) Diese Bedingungen gelten f\u00fcr die Gesch\u00e4ftsbeziehungen zwischen Ihnen und uns, der Kanzlei mdp, Rechtsanwalt Malte D\u00f6ring-Pauckert, Unter den Linden 10, 10117 Berlin (nachfolgend Kanzlei) f\u00fcr die \u00fcber das Portal https:\/\/www.antrag24.de\/mahnbescheid\/ (nachfolgend Portal) geschlossenen Vertr\u00e4ge zur Erbringung von Rechtsdienstleistungen. Das Angebot richtet sich ausschlie\u00dflich an in Deutschland ans\u00e4ssige, vollj\u00e4hrige Personen. (2) Die f\u00fcr [&hellip;]<\/p>\n","protected":false},"author":2,"featured_media":0,"parent":0,"menu_order":0,"comment_status":"closed","ping_status":"closed","template":"","meta":{"footnotes":""},"class_list":["post-36","page","type-page","status-publish","hentry"],"_links":{"self":[{"href":"https:\/\/www.antrag24.de\/mahnbescheid\/wp-json\/wp\/v2\/pages\/36","targetHints":{"allow":["GET"]}}],"collection":[{"href":"https:\/\/www.antrag24.de\/mahnbescheid\/wp-json\/wp\/v2\/pages"}],"about":[{"href":"https:\/\/www.antrag24.de\/mahnbescheid\/wp-json\/wp\/v2\/types\/page"}],"author":[{"embeddable":true,"href":"https:\/\/www.antrag24.de\/mahnbescheid\/wp-json\/wp\/v2\/users\/2"}],"replies":[{"embeddable":true,"href":"https:\/\/www.antrag24.de\/mahnbescheid\/wp-json\/wp\/v2\/comments?post=36"}],"version-history":[{"count":10,"href":"https:\/\/www.antrag24.de\/mahnbescheid\/wp-json\/wp\/v2\/pages\/36\/revisions"}],"predecessor-version":[{"id":304,"href":"https:\/\/www.antrag24.de\/mahnbescheid\/wp-json\/wp\/v2\/pages\/36\/revisions\/304"}],"wp:attachment":[{"href":"https:\/\/www.antrag24.de\/mahnbescheid\/wp-json\/wp\/v2\/media?parent=36"}],"curies":[{"name":"wp","href":"https:\/\/api.w.org\/{rel}","templated":true}]}}